{"id":45,"date":"2015-06-20T11:58:18","date_gmt":"2015-06-20T10:58:18","guid":{"rendered":"http:\/\/www.poteriedelacure.fr\/?page_id=45"},"modified":"2023-02-27T14:09:53","modified_gmt":"2023-02-27T13:09:53","slug":"contact","status":"publish","type":"page","link":"https:\/\/www.poteriedelacure.fr\/index.php\/contact\/","title":{"rendered":"Contact"},"content":{"rendered":"<div  class=\"tatsu-gq6i04sfn94lmjuu tatsu-section  tatsu-bg-overlay   tatsu-clearfix\" data-title=\"\"  data-headerscheme=\"background--dark\"><div class='tatsu-section-pad clearfix' data-padding='{\"d\":\"0px 0px 1px 0px\"}' data-padding-top='0px'><div class=\"tatsu-row-wrap  tatsu-wrap tatsu-row-one-col tatsu-row-has-one-cols tatsu-medium-gutter tatsu-reg-cols  tatsu-clearfix tatsu-gq6i04sfoi9o1oz4\" ><div  class=\"tatsu-row \" ><div  class=\"tatsu-column  tatsu-bg-overlay tatsu-one-col tatsu-column-image-none tatsu-column-effect-none  tatsu-gq6i04sfpm6bvywi\"  data-parallax-speed=\"0\" style=\"\"><div class=\"tatsu-column-inner \" ><div class=\"tatsu-column-pad-wrap\"><div class=\"tatsu-column-pad\" ><div  class=\"tatsu-module tatsu-text-block-wrap tatsu-gq6i04sfqiebo69m  \"><div class=\"tatsu-text-inner tatsu-align-center  clearfix\" ><style>.tatsu-gq6i04sfqiebo69m.tatsu-text-block-wrap .tatsu-text-inner{width: 100%;text-align: left;}<\/style>\n<p><\/p>\n\n\n\n<p><\/p>\n<\/div><\/div><\/div><\/div><div class = \"tatsu-column-bg-image-wrap\"><div class = \"tatsu-column-bg-image\" ><\/div><\/div><div class=\"tatsu-overlay tatsu-column-overlay tatsu-animate-none\" ><\/div><\/div><style>.tatsu-row > .tatsu-gq6i04sfpm6bvywi.tatsu-column{width: 100%;}.tatsu-gq6i04sfpm6bvywi.tatsu-column > .tatsu-column-inner > .tatsu-column-overlay{mix-blend-mode: normal;}.tatsu-gq6i04sfpm6bvywi > .tatsu-column-inner > .tatsu-top-divider{z-index: 9999;}.tatsu-gq6i04sfpm6bvywi > .tatsu-column-inner > .tatsu-bottom-divider{z-index: 9999;}.tatsu-gq6i04sfpm6bvywi > .tatsu-column-inner > .tatsu-left-divider{z-index: 9999;}.tatsu-gq6i04sfpm6bvywi > .tatsu-column-inner > .tatsu-right-divider{z-index: 9999;}<\/style><\/div><\/div><\/div><\/div><div class=\"tatsu-section-background-wrap\"><div class = \"tatsu-section-background\" ><\/div><\/div><div class=\"tatsu-overlay tatsu-section-overlay\"><\/div><style>.tatsu-gq6i04sfn94lmjuu .tatsu-section-pad{padding: 0px 0px 1px 0px;}.tatsu-gq6i04sfn94lmjuu > .tatsu-bottom-divider{z-index: 9999;}.tatsu-gq6i04sfn94lmjuu > .tatsu-top-divider{z-index: 9999;}.tatsu-gq6i04sfn94lmjuu .tatsu-section-overlay{mix-blend-mode: normal;}<\/style><\/div><div  class=\"tatsu-H1bco3FCvd tatsu-section  tatsu-bg-overlay   tatsu-clearfix\" data-title=\"\"  data-headerscheme=\"background--dark\"><div class='tatsu-section-pad clearfix' data-padding='{\"d\":\"90px 0px 12px 0px\"}' data-padding-top='90px'><div class=\"tatsu-row-wrap  tatsu-wrap tatsu-row-has-one-half tatsu-row-has-two-cols tatsu-medium-gutter tatsu-reg-cols  tatsu-clearfix tatsu-SJgqjnYRPO\" ><div  class=\"tatsu-row \" ><div  class=\"tatsu-column  tatsu-bg-overlay tatsu-one-half tatsu-column-image-none tatsu-column-effect-none  tatsu-B1sohF0Pd\"  data-parallax-speed=\"0\" style=\"\"><div class=\"tatsu-column-inner \" ><div class=\"tatsu-column-pad-wrap\"><div class=\"tatsu-column-pad\" ><div  class=\"tatsu-module tatsu-text-block-wrap tatsu-ByA3hK0Pu  \"><div class=\"tatsu-text-inner tatsu-align-center  clearfix\" ><style>.tatsu-ByA3hK0Pu.tatsu-text-block-wrap .tatsu-text-inner{width: 100%;text-align: left;}<\/style>\n<h1>Contactez-nous<\/h1>\n<h4>pour plus de renseignements, informations ou juste pour nous inviter \u00e0 boire un verre !<\/h4>\n<\/div><\/div><\/div><\/div><div class = \"tatsu-column-bg-image-wrap\"><div class = \"tatsu-column-bg-image\" ><\/div><\/div><div class=\"tatsu-overlay tatsu-column-overlay tatsu-animate-none\" ><\/div><\/div><style>.tatsu-row > .tatsu-B1sohF0Pd.tatsu-column{width: 50%;}.tatsu-B1sohF0Pd.tatsu-column > .tatsu-column-inner > .tatsu-column-overlay{mix-blend-mode: normal;}.tatsu-B1sohF0Pd > .tatsu-column-inner > .tatsu-top-divider{z-index: 9999;}.tatsu-B1sohF0Pd > .tatsu-column-inner > .tatsu-bottom-divider{z-index: 9999;}.tatsu-B1sohF0Pd > .tatsu-column-inner > .tatsu-left-divider{z-index: 9999;}.tatsu-B1sohF0Pd > .tatsu-column-inner > .tatsu-right-divider{z-index: 9999;}@media only screen and (max-width:1377px) {.tatsu-row > .tatsu-B1sohF0Pd.tatsu-column{width: 50%;}}@media only screen and (min-width:768px) and (max-width: 1024px) {.tatsu-row > .tatsu-B1sohF0Pd.tatsu-column{width: 50%;}}@media only screen and (max-width: 767px) {.tatsu-row > .tatsu-B1sohF0Pd.tatsu-column{width: 100%;}}<\/style><\/div><div  class=\"tatsu-column  tatsu-bg-overlay tatsu-column-empty tatsu-one-half tatsu-column-image-none tatsu-column-effect-none  tatsu-Hklsont0wu\"  data-parallax-speed=\"0\" style=\"\"><div class=\"tatsu-column-inner \" ><div class=\"tatsu-column-pad-wrap\"><div class=\"tatsu-column-pad\" ><\/div><\/div><div class = \"tatsu-column-bg-image-wrap\"><div class = \"tatsu-column-bg-image\" ><\/div><\/div><div class=\"tatsu-overlay tatsu-column-overlay tatsu-animate-none\" ><\/div><\/div><style>.tatsu-row > .tatsu-Hklsont0wu.tatsu-column{width: 50%;}.tatsu-Hklsont0wu.tatsu-column > .tatsu-column-inner > .tatsu-column-overlay{mix-blend-mode: normal;}.tatsu-Hklsont0wu > .tatsu-column-inner > .tatsu-top-divider{z-index: 9999;}.tatsu-Hklsont0wu > .tatsu-column-inner > .tatsu-bottom-divider{z-index: 9999;}.tatsu-Hklsont0wu > .tatsu-column-inner > .tatsu-left-divider{z-index: 9999;}.tatsu-Hklsont0wu > .tatsu-column-inner > .tatsu-right-divider{z-index: 9999;}@media only screen and (max-width:1377px) {.tatsu-row > .tatsu-Hklsont0wu.tatsu-column{width: 50%;}}@media only screen and (min-width:768px) and (max-width: 1024px) {.tatsu-row > .tatsu-Hklsont0wu.tatsu-column{width: 50%;}}@media only screen and (max-width: 767px) {.tatsu-row > .tatsu-Hklsont0wu.tatsu-column{width: 100%;}}<\/style><\/div><\/div><\/div><\/div><div class=\"tatsu-section-background-wrap\"><div class = \"tatsu-section-background\" ><\/div><\/div><div class=\"tatsu-overlay tatsu-section-overlay\"><\/div><style>.tatsu-H1bco3FCvd .tatsu-section-pad{padding: 90px 0px 12px 0px;}.tatsu-H1bco3FCvd .tatsu-section-offset-wrap{transform: translateY(-0px);}.tatsu-H1bco3FCvd > .tatsu-bottom-divider{z-index: 9999;}.tatsu-H1bco3FCvd > .tatsu-top-divider{z-index: 9999;}.tatsu-H1bco3FCvd .tatsu-section-overlay{mix-blend-mode: normal;}<\/style><\/div><div  class=\"tatsu-H1Zl6KRw_ tatsu-section  tatsu-bg-overlay   tatsu-clearfix\" data-title=\"\"  data-headerscheme=\"background--dark\"><div class='tatsu-section-pad clearfix' data-padding='{\"d\":\"90px 0px 12px 0px\"}' data-padding-top='90px'><div class=\"tatsu-row-wrap  tatsu-wrap tatsu-row-has-one-half tatsu-row-has-two-cols tatsu-medium-gutter tatsu-reg-cols  tatsu-clearfix tatsu-r1lWx6t0w_\" ><div  class=\"tatsu-row \" ><div  class=\"tatsu-column  tatsu-bg-overlay tatsu-one-half tatsu-column-image-none tatsu-column-effect-none  tatsu-ry-ZlpYADu\"  data-parallax-speed=\"0\" style=\"\"><div class=\"tatsu-column-inner \" ><div class=\"tatsu-column-pad-wrap\"><div class=\"tatsu-column-pad\" ><div  class=\"contact_form contact_form_module oshine-module style2 style1-input tatsu-By9mTKAwu   \"  data-consent-error = \"Please check the consent box, in order for us to process this form\">\n\t\t\t\t\t\t<form method=\"post\" class=\"contact\">\n\t\t\t\t\t\t\t<fieldset class=\"field_name contact_fieldset\">\n\t\t\t\t\t\t\t\t<input type=\"text\" name=\"contact_name\" class=\"txt autoclear\" placeholder=\"Name\" style=\"border-width:2px\" \/>\n\t\t\t\t\t\t\t<\/fieldset>\n\t\t\t\t\t\t\t<fieldset class=\"field_email contact_fieldset\">\n\t\t\t\t\t\t\t\t<input type=\"text\" name=\"contact_email\" class=\"txt autoclear\" placeholder=\"Email\" style=\"border-width:2px\" \/>\n\t\t\t\t\t\t\t<\/fieldset><fieldset class=\"field_comment contact_fieldset\">\n\t\t\t\t\t\t\t\t<textarea name=\"contact_comment\" class=\"txt_area autoclear\" placeholder=\"Message\" style=\"border-width:2px\" ><\/textarea>\n\t\t\t\t\t\t\t<\/fieldset><fieldset class=\"contact_fieldset submit-fieldset\">\n\t\t\t\t\t\t\t\t<input type = \"hidden\" name = \"contact_style\" value = \"style2\"\/> \n\t\t\t\t\t\t\t\t<input type=\"submit\" name=\"contact_submit\" value=\"Submit\" class=\"contact_submit tatsu-button rounded blockbtn\" \/>\n\t\t\t\t\t\t\t\t<div class=\"contact_loader\"><div class=\"font-icon loader-style4-wrap loader-icon\"><\/div><\/div>\n\t\t\t\t\t\t\t<\/fieldset><div class=\"contact_status tatsu-notification\"><\/div>\n\t\t\t\t\t\t<\/form><style>.tatsu-By9mTKAwu input[type=\"text\"], .tatsu-By9mTKAwu textarea{background-color: rgba(255,255,255,1);color: rgba(31,147,185,1) ;border-color: rgba(0,0,0,0.2); }.tatsu-By9mTKAwu input[type=\"text\"]{height: 40px;}.tatsu-By9mTKAwu .contact_submit{background-color: rgba(31,147,185,1);color: #ffffff ;}<\/style>\n\t\t\t\t\t<\/div><\/div><\/div><div class = \"tatsu-column-bg-image-wrap\"><div class = \"tatsu-column-bg-image\" ><\/div><\/div><div class=\"tatsu-overlay tatsu-column-overlay tatsu-animate-none\" ><\/div><\/div><style>.tatsu-row > .tatsu-ry-ZlpYADu.tatsu-column{width: 50%;}.tatsu-ry-ZlpYADu.tatsu-column > .tatsu-column-inner > .tatsu-column-overlay{mix-blend-mode: normal;}.tatsu-ry-ZlpYADu > .tatsu-column-inner > .tatsu-top-divider{z-index: 9999;}.tatsu-ry-ZlpYADu > .tatsu-column-inner > .tatsu-bottom-divider{z-index: 9999;}.tatsu-ry-ZlpYADu > .tatsu-column-inner > .tatsu-left-divider{z-index: 9999;}.tatsu-ry-ZlpYADu > .tatsu-column-inner > .tatsu-right-divider{z-index: 9999;}@media only screen and (max-width:1377px) {.tatsu-row > .tatsu-ry-ZlpYADu.tatsu-column{width: 50%;}}@media only screen and (min-width:768px) and (max-width: 1024px) {.tatsu-row > .tatsu-ry-ZlpYADu.tatsu-column{width: 50%;}}@media only screen and (max-width: 767px) {.tatsu-row > .tatsu-ry-ZlpYADu.tatsu-column{width: 100%;}}<\/style><\/div><div  class=\"tatsu-column  tatsu-bg-overlay tatsu-one-half tatsu-column-image-none tatsu-column-effect-none  tatsu-H1XZxTYRwd\"  data-parallax-speed=\"0\" style=\"\"><div class=\"tatsu-column-inner \" ><div class=\"tatsu-column-pad-wrap\"><div class=\"tatsu-column-pad\" ><div  class=\"tatsu-module tatsu-title-icon  tatsu-rkGhaKAPd  \" ><span class=\"tatsu-ti-wrap tatsu-ti medium plain align-left\" ><i class=\"icon-icon_clock_alt tatsu-ti tatsu-ti-icon\"><\/i><\/span><div class=\"tatsu-tc tatsu-tc-custom-space align-left medium plain\">\n<p><strong><span style=\"font-size: 18pt;\">Ouverture:<\/span><\/strong><\/p>\n<p><span style=\"font-size: 18pt;\">Nous pouvons \u00eatre amen\u00e9s \u00e0 nous absenter, les horaires d&rsquo;ouverture sont variables. Contactez nous par mesure de pr\u00e9caution avant de nous rendre visite.<\/span><\/p>\n<p><span style=\"font-size: 14pt;\"><em><strong>OUVERTURE SUR RDV possible<\/strong><\/em><\/span><\/p>\n<\/div><style>.tatsu-rkGhaKAPd .tatsu-ti-icon{color: rgba(155,155,155,1) ;}<\/style><\/div><div  class=\"tatsu-module tatsu-title-icon  tatsu-HySm0YRDu  \" ><span class=\"tatsu-ti-wrap tatsu-ti medium plain align-left\" ><i class=\"icon-icon_pin_alt tatsu-ti tatsu-ti-icon\"><\/i><\/span><div class=\"tatsu-tc tatsu-tc-custom-space align-left medium plain\">\n<p><span style=\"font-size: 14pt;\">8 Chemin du creux de combe&nbsp;<\/span><span style=\"font-size: 14pt;\">42155 St Jean St Maurice sur Loire<\/span><\/p>\n<\/div><style>.tatsu-HySm0YRDu .tatsu-ti-icon{color: rgba(155,155,155,1) ;}<\/style><\/div><div  class=\"tatsu-module tatsu-title-icon  tatsu-ByNtAKCvd  \" ><span class=\"tatsu-ti-wrap tatsu-ti medium plain align-left\" ><i class=\"icon-phone2 tatsu-ti tatsu-ti-icon\"><\/i><\/span><div class=\"tatsu-tc tatsu-tc-custom-space align-left medium plain\">\n<p><span style=\"font-size: 14pt;\">06 18 56 43 81<\/span><\/p>\n<\/div><style>.tatsu-ByNtAKCvd .tatsu-ti-icon{color: rgba(155,155,155,1) ;}<\/style><\/div><div  class=\"tatsu-module tatsu-title-icon  tatsu-ry1z15Rvd  \" ><span class=\"tatsu-ti-wrap tatsu-ti medium plain align-left\" ><i class=\"icon-icon_mail_alt tatsu-ti tatsu-ti-icon\"><\/i><\/span><div class=\"tatsu-tc tatsu-tc-custom-space align-left medium plain\">\n<p><span style=\"font-size: 14pt;\">poteriedelacure@gmail.com<\/span><\/p>\n<\/div><style>.tatsu-ry1z15Rvd .tatsu-ti-icon{color: rgba(155,155,155,1) ;}<\/style><\/div><\/div><\/div><div class = \"tatsu-column-bg-image-wrap\"><div class = \"tatsu-column-bg-image\" ><\/div><\/div><div class=\"tatsu-overlay tatsu-column-overlay tatsu-animate-none\" ><\/div><\/div><style>.tatsu-row > .tatsu-H1XZxTYRwd.tatsu-column{width: 50%;}.tatsu-H1XZxTYRwd.tatsu-column > .tatsu-column-inner > .tatsu-column-overlay{mix-blend-mode: normal;}.tatsu-H1XZxTYRwd > .tatsu-column-inner > .tatsu-top-divider{z-index: 9999;}.tatsu-H1XZxTYRwd > .tatsu-column-inner > .tatsu-bottom-divider{z-index: 9999;}.tatsu-H1XZxTYRwd > .tatsu-column-inner > .tatsu-left-divider{z-index: 9999;}.tatsu-H1XZxTYRwd > .tatsu-column-inner > .tatsu-right-divider{z-index: 9999;}@media only screen and (max-width:1377px) {.tatsu-row > .tatsu-H1XZxTYRwd.tatsu-column{width: 50%;}}@media only screen and (min-width:768px) and (max-width: 1024px) {.tatsu-row > .tatsu-H1XZxTYRwd.tatsu-column{width: 50%;}}@media only screen and (max-width: 767px) {.tatsu-row > .tatsu-H1XZxTYRwd.tatsu-column{width: 100%;}}<\/style><\/div><\/div><\/div><\/div><div class=\"tatsu-section-background-wrap\"><div class = \"tatsu-section-background\" ><\/div><\/div><div class=\"tatsu-overlay tatsu-section-overlay\"><\/div><style>.tatsu-H1Zl6KRw_ .tatsu-section-pad{padding: 90px 0px 12px 0px;}.tatsu-H1Zl6KRw_ .tatsu-section-offset-wrap{transform: translateY(-0px);}.tatsu-H1Zl6KRw_ > .tatsu-bottom-divider{z-index: 9999;}.tatsu-H1Zl6KRw_ > .tatsu-top-divider{z-index: 9999;}.tatsu-H1Zl6KRw_ .tatsu-section-overlay{mix-blend-mode: normal;}<\/style><\/div>","protected":false},"excerpt":{"rendered":"<p><a href=\"https:\/\/www.poteriedelacure.fr\/index.php\/contact\/\" class=\"more-link style3-button\">Read More<\/a><\/p>","protected":false},"author":1,"featured_media":0,"parent":0,"menu_order":0,"comment_status":"open","ping_status":"open","template":"","meta":{"footnotes":""},"class_list":["post-45","page","type-page","status-publish","hentry"],"yoast_head":"<!-- This site is optimized with the Yoast SEO plugin v26.6 - https:\/\/yoast.com\/wordpress\/plugins\/seo\/ -->\n<title>Contact - Poterie de la Cure<\/title>\n<meta name=\"description\" content=\"Notre atelier est ouvert au public. Nous vous proposons de venir d\u00e9couvrir notre travail, d&#039;assister \u00e0 l&#039;\u00e9laboration des pi\u00e8ces, du fa\u00e7onnage \u00e0 l&#039;\u00e9maillage.\" \/>\n<meta name=\"robots\" content=\"index, follow, max-snippet:-1, max-image-preview:large, max-video-preview:-1\" \/>\n<link rel=\"canonical\" href=\"https:\/\/www.poteriedelacure.fr\/index.php\/contact\/\" \/>\n<meta property=\"og:locale\" content=\"fr_FR\" \/>\n<meta property=\"og:type\" content=\"article\" \/>\n<meta property=\"og:title\" content=\"Contact - Poterie de la Cure\" \/>\n<meta property=\"og:description\" content=\"Notre atelier est ouvert au public. Nous vous proposons de venir d\u00e9couvrir notre travail, d&#039;assister \u00e0 l&#039;\u00e9laboration des pi\u00e8ces, du fa\u00e7onnage \u00e0 l&#039;\u00e9maillage.\" \/>\n<meta property=\"og:url\" content=\"https:\/\/www.poteriedelacure.fr\/index.php\/contact\/\" \/>\n<meta property=\"og:site_name\" content=\"Poterie de la Cure\" \/>\n<meta property=\"article:publisher\" content=\"https:\/\/facebook\/poteriedelacure\" \/>\n<meta property=\"article:modified_time\" content=\"2023-02-27T13:09:53+00:00\" \/>\n<meta name=\"twitter:card\" content=\"summary_large_image\" \/>\n<meta name=\"twitter:label1\" content=\"Dur\u00e9e de lecture estim\u00e9e\" \/>\n\t<meta name=\"twitter:data1\" content=\"13 minutes\" \/>\n<script type=\"application\/ld+json\" class=\"yoast-schema-graph\">{\"@context\":\"https:\/\/schema.org\",\"@graph\":[{\"@type\":\"WebPage\",\"@id\":\"https:\/\/www.poteriedelacure.fr\/index.php\/contact\/\",\"url\":\"https:\/\/www.poteriedelacure.fr\/index.php\/contact\/\",\"name\":\"Contact - Poterie de la Cure\",\"isPartOf\":{\"@id\":\"https:\/\/www.poteriedelacure.fr\/#website\"},\"datePublished\":\"2015-06-20T10:58:18+00:00\",\"dateModified\":\"2023-02-27T13:09:53+00:00\",\"description\":\"Notre atelier est ouvert au public. Nous vous proposons de venir d\u00e9couvrir notre travail, d'assister \u00e0 l'\u00e9laboration des pi\u00e8ces, du fa\u00e7onnage \u00e0 l'\u00e9maillage.\",\"breadcrumb\":{\"@id\":\"https:\/\/www.poteriedelacure.fr\/index.php\/contact\/#breadcrumb\"},\"inLanguage\":\"fr-FR\",\"potentialAction\":[{\"@type\":\"ReadAction\",\"target\":[\"https:\/\/www.poteriedelacure.fr\/index.php\/contact\/\"]}]},{\"@type\":\"BreadcrumbList\",\"@id\":\"https:\/\/www.poteriedelacure.fr\/index.php\/contact\/#breadcrumb\",\"itemListElement\":[{\"@type\":\"ListItem\",\"position\":1,\"name\":\"Accueil\",\"item\":\"https:\/\/www.poteriedelacure.fr\/\"},{\"@type\":\"ListItem\",\"position\":2,\"name\":\"Contact\"}]},{\"@type\":\"WebSite\",\"@id\":\"https:\/\/www.poteriedelacure.fr\/#website\",\"url\":\"https:\/\/www.poteriedelacure.fr\/\",\"name\":\"Poterie de la Cure\",\"description\":\"C\u00e9ramique contemporaine\",\"publisher\":{\"@id\":\"https:\/\/www.poteriedelacure.fr\/#organization\"},\"potentialAction\":[{\"@type\":\"SearchAction\",\"target\":{\"@type\":\"EntryPoint\",\"urlTemplate\":\"https:\/\/www.poteriedelacure.fr\/?s={search_term_string}\"},\"query-input\":{\"@type\":\"PropertyValueSpecification\",\"valueRequired\":true,\"valueName\":\"search_term_string\"}}],\"inLanguage\":\"fr-FR\"},{\"@type\":\"Organization\",\"@id\":\"https:\/\/www.poteriedelacure.fr\/#organization\",\"name\":\"Poterie de la Cure\",\"url\":\"https:\/\/www.poteriedelacure.fr\/\",\"logo\":{\"@type\":\"ImageObject\",\"inLanguage\":\"fr-FR\",\"@id\":\"https:\/\/www.poteriedelacure.fr\/#\/schema\/logo\/image\/\",\"url\":\"https:\/\/www.poteriedelacure.fr\/wp-content\/uploads\/2017\/06\/Logo.png\",\"contentUrl\":\"https:\/\/www.poteriedelacure.fr\/wp-content\/uploads\/2017\/06\/Logo.png\",\"width\":818,\"height\":818,\"caption\":\"Poterie de la Cure\"},\"image\":{\"@id\":\"https:\/\/www.poteriedelacure.fr\/#\/schema\/logo\/image\/\"},\"sameAs\":[\"https:\/\/facebook\/poteriedelacure\"]}]}<\/script>\n<!-- \/ Yoast SEO plugin. -->","yoast_head_json":{"title":"Contact - Poterie de la Cure","description":"Notre atelier est ouvert au public. Nous vous proposons de venir d\u00e9couvrir notre travail, d'assister \u00e0 l'\u00e9laboration des pi\u00e8ces, du fa\u00e7onnage \u00e0 l'\u00e9maillage.","robots":{"index":"index","follow":"follow","max-snippet":"max-snippet:-1","max-image-preview":"max-image-preview:large","max-video-preview":"max-video-preview:-1"},"canonical":"https:\/\/www.poteriedelacure.fr\/index.php\/contact\/","og_locale":"fr_FR","og_type":"article","og_title":"Contact - Poterie de la Cure","og_description":"Notre atelier est ouvert au public. Nous vous proposons de venir d\u00e9couvrir notre travail, d'assister \u00e0 l'\u00e9laboration des pi\u00e8ces, du fa\u00e7onnage \u00e0 l'\u00e9maillage.","og_url":"https:\/\/www.poteriedelacure.fr\/index.php\/contact\/","og_site_name":"Poterie de la Cure","article_publisher":"https:\/\/facebook\/poteriedelacure","article_modified_time":"2023-02-27T13:09:53+00:00","twitter_card":"summary_large_image","twitter_misc":{"Dur\u00e9e de lecture estim\u00e9e":"13 minutes"},"schema":{"@context":"https:\/\/schema.org","@graph":[{"@type":"WebPage","@id":"https:\/\/www.poteriedelacure.fr\/index.php\/contact\/","url":"https:\/\/www.poteriedelacure.fr\/index.php\/contact\/","name":"Contact - Poterie de la Cure","isPartOf":{"@id":"https:\/\/www.poteriedelacure.fr\/#website"},"datePublished":"2015-06-20T10:58:18+00:00","dateModified":"2023-02-27T13:09:53+00:00","description":"Notre atelier est ouvert au public. Nous vous proposons de venir d\u00e9couvrir notre travail, d'assister \u00e0 l'\u00e9laboration des pi\u00e8ces, du fa\u00e7onnage \u00e0 l'\u00e9maillage.","breadcrumb":{"@id":"https:\/\/www.poteriedelacure.fr\/index.php\/contact\/#breadcrumb"},"inLanguage":"fr-FR","potentialAction":[{"@type":"ReadAction","target":["https:\/\/www.poteriedelacure.fr\/index.php\/contact\/"]}]},{"@type":"BreadcrumbList","@id":"https:\/\/www.poteriedelacure.fr\/index.php\/contact\/#breadcrumb","itemListElement":[{"@type":"ListItem","position":1,"name":"Accueil","item":"https:\/\/www.poteriedelacure.fr\/"},{"@type":"ListItem","position":2,"name":"Contact"}]},{"@type":"WebSite","@id":"https:\/\/www.poteriedelacure.fr\/#website","url":"https:\/\/www.poteriedelacure.fr\/","name":"Poterie de la Cure","description":"C\u00e9ramique contemporaine","publisher":{"@id":"https:\/\/www.poteriedelacure.fr\/#organization"},"potentialAction":[{"@type":"SearchAction","target":{"@type":"EntryPoint","urlTemplate":"https:\/\/www.poteriedelacure.fr\/?s={search_term_string}"},"query-input":{"@type":"PropertyValueSpecification","valueRequired":true,"valueName":"search_term_string"}}],"inLanguage":"fr-FR"},{"@type":"Organization","@id":"https:\/\/www.poteriedelacure.fr\/#organization","name":"Poterie de la Cure","url":"https:\/\/www.poteriedelacure.fr\/","logo":{"@type":"ImageObject","inLanguage":"fr-FR","@id":"https:\/\/www.poteriedelacure.fr\/#\/schema\/logo\/image\/","url":"https:\/\/www.poteriedelacure.fr\/wp-content\/uploads\/2017\/06\/Logo.png","contentUrl":"https:\/\/www.poteriedelacure.fr\/wp-content\/uploads\/2017\/06\/Logo.png","width":818,"height":818,"caption":"Poterie de la Cure"},"image":{"@id":"https:\/\/www.poteriedelacure.fr\/#\/schema\/logo\/image\/"},"sameAs":["https:\/\/facebook\/poteriedelacure"]}]}},"_links":{"self":[{"href":"https:\/\/www.poteriedelacure.fr\/index.php\/wp-json\/wp\/v2\/pages\/45","targetHints":{"allow":["GET"]}}],"collection":[{"href":"https:\/\/www.poteriedelacure.fr\/index.php\/wp-json\/wp\/v2\/pages"}],"about":[{"href":"https:\/\/www.poteriedelacure.fr\/index.php\/wp-json\/wp\/v2\/types\/page"}],"author":[{"embeddable":true,"href":"https:\/\/www.poteriedelacure.fr\/index.php\/wp-json\/wp\/v2\/users\/1"}],"replies":[{"embeddable":true,"href":"https:\/\/www.poteriedelacure.fr\/index.php\/wp-json\/wp\/v2\/comments?post=45"}],"version-history":[{"count":7,"href":"https:\/\/www.poteriedelacure.fr\/index.php\/wp-json\/wp\/v2\/pages\/45\/revisions"}],"predecessor-version":[{"id":4104,"href":"https:\/\/www.poteriedelacure.fr\/index.php\/wp-json\/wp\/v2\/pages\/45\/revisions\/4104"}],"wp:attachment":[{"href":"https:\/\/www.poteriedelacure.fr\/index.php\/wp-json\/wp\/v2\/media?parent=45"}],"curies":[{"name":"wp","href":"https:\/\/api.w.org\/{rel}","templated":true}]}}