{"id":43,"date":"2015-06-20T11:57:22","date_gmt":"2015-06-20T10:57:22","guid":{"rendered":"http:\/\/www.poteriedelacure.fr\/?page_id=43"},"modified":"2022-07-19T15:04:33","modified_gmt":"2022-07-19T13:04:33","slug":"chez-nous","status":"publish","type":"page","link":"https:\/\/www.poteriedelacure.fr\/index.php\/chez-nous\/","title":{"rendered":"Chez nous"},"content":{"rendered":"<div  class=\"tatsu-h4cjbzlaltdzhzap tatsu-section    tatsu-clearfix\" data-title=\"\"  data-headerscheme=\"background--dark\"><div class='tatsu-section-pad clearfix' data-padding='{\"d\":\"90px 0px 90px 0px\"}' data-padding-top='90px'><div class=\"tatsu-row-wrap  tatsu-wrap tatsu-row-one-col tatsu-row-has-one-cols tatsu-medium-gutter tatsu-reg-cols  tatsu-clearfix tatsu-h4cjbzlan5f1u255\" ><div  class=\"tatsu-row \" ><div  class=\"tatsu-column  tatsu-column-no-bg tatsu-one-col tatsu-column-image-none tatsu-column-effect-none  tatsu-h4cjbzlaoq56xyad\"  data-parallax-speed=\"0\" style=\"\"><div class=\"tatsu-column-inner \" ><div class=\"tatsu-column-pad-wrap\"><div class=\"tatsu-column-pad\" ><div  class=\"special-heading-wrap style3  tatsu-h4cjbzlaq05gxjxq oshine-module 1   \" ><div class=\"caption-wrap top-caption\"><h6 class=\"caption \">Chez nous...<span class=\"caption-inner\"><\/span><\/h6><\/div><div class=\"special-heading align-center\"><h3 class=\"special-h-tag\">SAINT JEAN SAINT MAURICE SUR LOIRE<\/h3><\/div><div class=\"caption-wrap bottom-caption\"><h6 class=\"caption special-subtitle\">Village de caract\u00e8re et m\u00e9tiers d'art<span class=\"caption-inner\"><\/span><\/h6><\/div><style>.tatsu-h4cjbzlaq05gxjxq .special-h-tag{color: rgba(255,255,255,1) ;}.tatsu-h4cjbzlaq05gxjxq .top-caption h6{color: rgba(209,206,206,1) ;}.tatsu-h4cjbzlaq05gxjxq .bottom-caption h6{color: rgba(240,237,237,1) ;font-size: 18px;}.tatsu-h4cjbzlaq05gxjxq.special-heading-wrap.style3 .top-caption .caption .caption-inner{background: #efefef;}.tatsu-h4cjbzlaq05gxjxq.special-heading-wrap.style3 .bottom-caption .caption .caption-inner{background: #efefef;}<\/style><\/div><\/div><\/div><div class = \"tatsu-column-bg-image-wrap\"><div class = \"tatsu-column-bg-image\" ><\/div><\/div><\/div><style>.tatsu-row > .tatsu-h4cjbzlaoq56xyad.tatsu-column{width: 100%;}.tatsu-h4cjbzlaoq56xyad.tatsu-column > .tatsu-column-inner > .tatsu-column-overlay{mix-blend-mode: none;}.tatsu-h4cjbzlaoq56xyad > .tatsu-column-inner > .tatsu-top-divider{z-index: 9999;}.tatsu-h4cjbzlaoq56xyad > .tatsu-column-inner > .tatsu-bottom-divider{z-index: 9999;}.tatsu-h4cjbzlaoq56xyad > .tatsu-column-inner > .tatsu-left-divider{z-index: 9999;}.tatsu-h4cjbzlaoq56xyad > .tatsu-column-inner > .tatsu-right-divider{z-index: 9999;}<\/style><\/div><\/div><\/div><\/div><div class=\"tatsu-section-background-wrap\"><div class = \"tatsu-section-background\" ><\/div><\/div><style>.tatsu-h4cjbzlaltdzhzap .tatsu-section-background{background-image: url(https:\/\/www.poteriedelacure.fr\/wp-content\/uploads\/2015\/06\/Accroche-Saint_jean_saint_Maurice_01-e1497546182276.jpeg);background-repeat: no-repeat;background-attachment: scroll;background-position: top left;background-size: cover;}.tatsu-h4cjbzlaltdzhzap .tatsu-bg-blur{background-repeat: no-repeat;background-attachment: scroll;background-position: top left;background-size: cover;}.tatsu-h4cjbzlaltdzhzap .tatsu-section-pad{padding: 90px 0px 90px 0px;}.tatsu-h4cjbzlaltdzhzap > .tatsu-bottom-divider{z-index: 9999;}.tatsu-h4cjbzlaltdzhzap > .tatsu-top-divider{z-index: 9999;}<\/style><\/div><div  class=\"tatsu-h4cjbzlaqs2pekqa tatsu-section    tatsu-clearfix\" data-title=\"\"  data-headerscheme=\"background--dark\"><div class='tatsu-section-pad clearfix' data-padding='{\"d\":\"90px 0px 90px 0px\"}' data-padding-top='90px'><div class=\"tatsu-row-wrap  tatsu-wrap tatsu-row-has-one-half tatsu-row-has-two-cols tatsu-medium-gutter tatsu-reg-cols  tatsu-clearfix tatsu-h4cjbzlarz151zmv\" ><div  class=\"tatsu-row \" ><div  class=\"tatsu-column  tatsu-column-no-bg tatsu-one-half tatsu-column-align-middle tatsu-column-image-none tatsu-column-effect-none  tatsu-h4cjbzlathaojzr\"  data-parallax-speed=\"0\" style=\"\"><div class=\"tatsu-column-inner \" ><div class=\"tatsu-column-pad-wrap\"><div class=\"tatsu-column-pad\" ><div  class=\"tatsu-module tatsu-text-block-wrap tatsu-h4cjbzlaulcm280j  \"><div class=\"tatsu-text-inner tatsu-align-center  clearfix\" ><style>.tatsu-h4cjbzlaulcm280j.tatsu-text-block-wrap .tatsu-text-inner{width: 100%;text-align: left;}<\/style>\n<p><span style=\"font-size: 12pt;\">En passant nous voir, vous pourrez aussi d\u00e9couvrir le charmant village : son\u00a0 cadran solaire, son donjon datant du XII i\u00e8me, le manoir de la Mure, ainsi que l&rsquo;\u00e9glise et ses fresques datant du XIII i\u00e8me si\u00e8cle. Ce sont ces fresques qui ont permis l&rsquo;authentification de Saint-Jean Saint-Maurice comme \u00e9tape du chemin de St Jacques de Compostelle.<\/span><br \/><span style=\"font-size: 12pt;\"> Vous pourrez aussi passer la nuit dans l&rsquo;une des nombreuses chambres d&rsquo;h\u00f4tes des alentours : comme celles de <a href=\"http:\/\/www.leaudupuits.fr\/\" target=\"_blank\" rel=\"noopener\">l&rsquo;Eau du Puits<\/a>\u00a0 ou <a href=\"http:\/\/www.les-reveries-de-lescargot.fr\/\" target=\"_blank\" rel=\"noopener\">Les r\u00eaveries de l&rsquo;Escargot<\/a>. La commune compte aussi 2 restaurants.<\/span><\/p>\n<p><span style=\"font-size: 12pt;\">Vous trouverez d&rsquo;autres informations concernant le village sur le site officiel de<\/span><span style=\"font-size: 12pt;\"> <a href=\"https:\/\/saintjeansaintmaurice.fr\/\" target=\"_blank\" rel=\"noopener\">Saint Jean Saint Maurice sur Loire<\/a> ainsi que sur le site de l&rsquo;association <a href=\"https:\/\/www.les-amis-42155.com\/\" target=\"_blank\" rel=\"noopener\">Les amis de Saint-Jean-Saint-Maurice-sur-Loire<\/a><\/span>.<\/p>\n<\/div><\/div><\/div><\/div><div class = \"tatsu-column-bg-image-wrap\"><div class = \"tatsu-column-bg-image\" ><\/div><\/div><\/div><style>.tatsu-row > .tatsu-h4cjbzlathaojzr.tatsu-column{width: 50%;}.tatsu-h4cjbzlathaojzr.tatsu-column > .tatsu-column-inner > .tatsu-column-overlay{mix-blend-mode: none;}.tatsu-h4cjbzlathaojzr > .tatsu-column-inner > .tatsu-top-divider{z-index: 9999;}.tatsu-h4cjbzlathaojzr > .tatsu-column-inner > .tatsu-bottom-divider{z-index: 9999;}.tatsu-h4cjbzlathaojzr > .tatsu-column-inner > .tatsu-left-divider{z-index: 9999;}.tatsu-h4cjbzlathaojzr > .tatsu-column-inner > .tatsu-right-divider{z-index: 9999;}@media only screen and (max-width: 767px) {.tatsu-row > .tatsu-h4cjbzlathaojzr.tatsu-column{width: 100%;}}<\/style><\/div><div  class=\"tatsu-column  tatsu-column-no-bg tatsu-one-half tatsu-column-align-middle tatsu-column-image-none tatsu-column-effect-none  tatsu-h4cjbzlawt56rfr2\"  data-parallax-speed=\"0\" style=\"\"><div class=\"tatsu-column-inner \" ><div class=\"tatsu-column-pad-wrap\"><div class=\"tatsu-column-pad\" ><div  class=\"tatsu-single-image tatsu-module tatsu-h4cjbzlbqd5hi10w  \" ><div class=\"tatsu-single-image-inner \" style=\"width : 960px;\" ><div class = \"tatsu-single-image-padding-wrap\" style = \"padding-bottom : 75%;\" ><\/div><img class = \"tatsu-gradient-border\" alt = \"\" title = \"Chez nous\" src = \"https:\/\/www.poteriedelacure.fr\/wp-content\/uploads\/2015\/06\/10492453_10203716188932776_4471969766894968721_n.jpg\" \/><\/div><style>.tatsu-h4cjbzlbqd5hi10w{margin: 0px 0px 0px 0px;}.tatsu-h4cjbzlbqd5hi10w .tatsu-single-image-inner{max-width: 100%;}.tatsu-h4cjbzlbqd5hi10w.tatsu-single-image{transform: translate3d(0px,0px, 0);}<\/style><\/div><\/div><\/div><div class = \"tatsu-column-bg-image-wrap\"><div class = \"tatsu-column-bg-image\" ><\/div><\/div><\/div><style>.tatsu-row > .tatsu-h4cjbzlawt56rfr2.tatsu-column{width: 50%;}.tatsu-h4cjbzlawt56rfr2.tatsu-column > .tatsu-column-inner > .tatsu-column-overlay{mix-blend-mode: none;}.tatsu-h4cjbzlawt56rfr2 > .tatsu-column-inner > .tatsu-top-divider{z-index: 9999;}.tatsu-h4cjbzlawt56rfr2 > .tatsu-column-inner > .tatsu-bottom-divider{z-index: 9999;}.tatsu-h4cjbzlawt56rfr2 > .tatsu-column-inner > .tatsu-left-divider{z-index: 9999;}.tatsu-h4cjbzlawt56rfr2 > .tatsu-column-inner > .tatsu-right-divider{z-index: 9999;}@media only screen and (max-width: 767px) {.tatsu-row > .tatsu-h4cjbzlawt56rfr2.tatsu-column{width: 100%;}}<\/style><\/div><\/div><\/div><\/div><div class=\"tatsu-section-background-wrap\"><div class = \"tatsu-section-background\" ><\/div><\/div><style>.tatsu-h4cjbzlaqs2pekqa.tatsu-section{background-color: rgba(255,255,255,1);}.tatsu-h4cjbzlaqs2pekqa .tatsu-section-pad{padding: 90px 0px 90px 0px;}.tatsu-h4cjbzlaqs2pekqa > .tatsu-bottom-divider{z-index: 9999;}.tatsu-h4cjbzlaqs2pekqa > .tatsu-top-divider{z-index: 9999;}<\/style><\/div><div  class=\"tatsu-h4cjbzlbr5onit4 tatsu-section    tatsu-clearfix\" data-title=\"\"  data-headerscheme=\"background--dark\"><div class='tatsu-section-pad clearfix' data-padding='{\"d\":\"23px 0px 90px 0px \"}' data-padding-top='23px'><div class=\"tatsu-row-wrap  tatsu-wrap tatsu-row-has-one-half tatsu-row-has-two-cols tatsu-medium-gutter tatsu-reg-cols  tatsu-clearfix tatsu-h4cjbzlbsi3gonrw\" ><div  class=\"tatsu-row \" ><div  class=\"tatsu-column  tatsu-column-no-bg tatsu-one-half tatsu-column-align-middle tatsu-column-image-none tatsu-column-effect-none  tatsu-h4cjbzlbu45et8qu\"  data-parallax-speed=\"0\" style=\"\"><div class=\"tatsu-column-inner \" ><div class=\"tatsu-column-pad-wrap\"><div class=\"tatsu-column-pad\" ><div  class=\"tatsu-single-image tatsu-module tatsu-h4cjbzlcor5kbc2w  \" ><div class=\"tatsu-single-image-inner \" style=\"width : 1920px;\" ><div class = \"tatsu-single-image-padding-wrap\" style = \"padding-bottom : 36.458333333333%;\" ><\/div><img class = \"tatsu-gradient-border\" alt = \"\" title = \"Lacure\" src = \"https:\/\/www.poteriedelacure.fr\/wp-content\/uploads\/2015\/06\/Lacure.jpeg\" \/><\/div><style>.tatsu-h4cjbzlcor5kbc2w{margin: 0-----------------px 0px 0px 0px ;}.tatsu-h4cjbzlcor5kbc2w .tatsu-single-image-inner{max-width: 100%;}.tatsu-h4cjbzlcor5kbc2w.tatsu-single-image{transform: translate3d(0px,0px, 0);}<\/style><\/div><\/div><\/div><div class = \"tatsu-column-bg-image-wrap\"><div class = \"tatsu-column-bg-image\" ><\/div><\/div><\/div><style>.tatsu-row > .tatsu-h4cjbzlbu45et8qu.tatsu-column{width: 50%;}.tatsu-h4cjbzlbu45et8qu.tatsu-column > .tatsu-column-inner > .tatsu-column-overlay{mix-blend-mode: none;}.tatsu-h4cjbzlbu45et8qu > .tatsu-column-inner > .tatsu-top-divider{z-index: 9999;}.tatsu-h4cjbzlbu45et8qu > .tatsu-column-inner > .tatsu-bottom-divider{z-index: 9999;}.tatsu-h4cjbzlbu45et8qu > .tatsu-column-inner > .tatsu-left-divider{z-index: 9999;}.tatsu-h4cjbzlbu45et8qu > .tatsu-column-inner > .tatsu-right-divider{z-index: 9999;}@media only screen and (max-width: 767px) {.tatsu-row > .tatsu-h4cjbzlbu45et8qu.tatsu-column{width: 100%;}}<\/style><\/div><div  class=\"tatsu-column  tatsu-column-no-bg tatsu-one-half tatsu-column-align-middle tatsu-column-image-none tatsu-column-effect-none  tatsu-h4cjbzlcpl26yslu\"  data-parallax-speed=\"0\" style=\"\"><div class=\"tatsu-column-inner \" ><div class=\"tatsu-column-pad-wrap\"><div class=\"tatsu-column-pad\" ><div  class=\"tatsu-module tatsu-text-block-wrap tatsu-h4cjbzlcqx49j1h7  \"><div class=\"tatsu-text-inner tatsu-align-center  clearfix\" ><style>.tatsu-h4cjbzlcqx49j1h7.tatsu-text-block-wrap .tatsu-text-inner{width: 100%;text-align: left;}<\/style>\n<p><span style=\"font-size: 12pt;\">L&rsquo;atelier est situ\u00e9 \u00e0 deux pas de la Cure de Saint Jean Saint Maurice. L&rsquo;ancienne cure est aujourd&rsquo;hui am\u00e9nag\u00e9e en p\u00f4le touristique et culturel, au sein duquel un point information vous permettra de partir d\u00e9couvrir les lieux incontournables de la r\u00e9gion. C&rsquo;est aussi une salle d&rsquo;exposition, et de nombreuses animations tout au long de l&rsquo;ann\u00e9e. Pour plus d&rsquo;informations n&rsquo;h\u00e9sitez pas \u00e0\u00a0 visiter le site internet de <a href=\"http:\/\/www.lacure.fr\/\" target=\"_blank\" rel=\"noopener\">la Cure.<\/a><\/span><\/p>\n<p style=\"text-align: center;\"><span style=\"font-size: 12pt;\">Sur le village sont \u00e9galement install\u00e9s plusieurs <\/span><span style=\"font-size: 12pt;\">artisans d&rsquo;art, venez d\u00e9couvrir leurs cr\u00e9ations et leurs m\u00e9tiers !<\/span><\/p>\n<\/div><\/div><div  class=\"tatsu-module tatsu-button-group align-center tatsu-h4cjbzlcryc04bw0  \"  ><div  class=\"tatsu-module tatsu-normal-button tatsu-button-wrap   tatsu-h4cjbzlcuzd5u7hn   \"><a class=\"tatsu-shortcode mediumbtn tatsu-button left-icon rounded   bg-animation-none  \" href=\"https:\/\/www.bijoux-oppidum.com\/\" style= \"\"  aria-label=\"Les Bijoux de l'oppidum \" data-gdpr-atts={} target=\"_blank\">Les Bijoux de l'oppidum <\/a><style>.tatsu-h4cjbzlcuzd5u7hn .tatsu-button{background-color: rgba(31,147,185,1);color: #ffffff ;}<\/style><\/div><div  class=\"tatsu-module tatsu-normal-button tatsu-button-wrap   tatsu-h4cjbzlcvwabtp9c   \"><a class=\"tatsu-shortcode mediumbtn tatsu-button left-icon rounded   bg-animation-none  \" href=\"https:\/\/atelierdebenisterie.fr\/\" style= \"\"  aria-label=\"L'or\u00e9e du bois\" data-gdpr-atts={} target=\"_blank\">L'or\u00e9e du bois<\/a><style>.tatsu-h4cjbzlcvwabtp9c .tatsu-button{background-color: rgba(31,147,185,1);color: #ffffff ;}<\/style><\/div><\/div><style>.tatsu-h4cjbzlcryc04bw0.tatsu-button-group{margin: 0px 0px 20px 0px;}<\/style><\/div><\/div><div class = \"tatsu-column-bg-image-wrap\"><div class = \"tatsu-column-bg-image\" ><\/div><\/div><\/div><style>.tatsu-row > .tatsu-h4cjbzlcpl26yslu.tatsu-column{width: 50%;}.tatsu-h4cjbzlcpl26yslu.tatsu-column > .tatsu-column-inner > .tatsu-column-overlay{mix-blend-mode: none;}.tatsu-h4cjbzlcpl26yslu > .tatsu-column-inner > .tatsu-top-divider{z-index: 9999;}.tatsu-h4cjbzlcpl26yslu > .tatsu-column-inner > .tatsu-bottom-divider{z-index: 9999;}.tatsu-h4cjbzlcpl26yslu > .tatsu-column-inner > .tatsu-left-divider{z-index: 9999;}.tatsu-h4cjbzlcpl26yslu > .tatsu-column-inner > .tatsu-right-divider{z-index: 9999;}@media only screen and (max-width: 767px) {.tatsu-row > .tatsu-h4cjbzlcpl26yslu.tatsu-column{width: 100%;}}<\/style><\/div><\/div><\/div><\/div><div class=\"tatsu-section-background-wrap\"><div class = \"tatsu-section-background\" ><\/div><\/div><style>.tatsu-h4cjbzlbr5onit4.tatsu-section{background-color: rgba(255,255,255,1);}.tatsu-h4cjbzlbr5onit4 .tatsu-section-pad{padding: 23px 0px 90px 0px ;}.tatsu-h4cjbzlbr5onit4 > .tatsu-bottom-divider{z-index: 9999;}.tatsu-h4cjbzlbr5onit4 > .tatsu-top-divider{z-index: 9999;}<\/style><\/div>\n","protected":false},"excerpt":{"rendered":"<p><a href=\"https:\/\/www.poteriedelacure.fr\/index.php\/chez-nous\/\" class=\"more-link style3-button\">Read More<\/a><\/p>","protected":false},"author":1,"featured_media":0,"parent":0,"menu_order":0,"comment_status":"open","ping_status":"open","template":"","meta":{"footnotes":""},"class_list":["post-43","page","type-page","status-publish","hentry"],"yoast_head":"<!-- This site is optimized with the Yoast SEO plugin v26.6 - https:\/\/yoast.com\/wordpress\/plugins\/seo\/ -->\n<title>Chez nous - Poterie de la Cure<\/title>\n<meta name=\"description\" content=\"L&#039;atelier est situ\u00e9 \u00e0\u00a0 deux pas de la Cure de Saint Jean Saint Maurice.\u00a0Sur le village sont \u00e9galement install\u00e9s d&#039;autres artisans d&#039;art, venez d\u00e9couvrir leurs cr\u00e9ations ! L&#039;atelier de Ma\u00eft\u00e9 Chantrel : costumi\u00e8re, Les fils d&#039;Emilie : peintre sur soir et cr\u00e9ations textiles, Francois Allier et les mythiques bijoux de l&#039;oppidum, Emmane : aci\u00e9ramiste et plus encore\" \/>\n<meta name=\"robots\" content=\"index, follow, max-snippet:-1, max-image-preview:large, max-video-preview:-1\" \/>\n<link rel=\"canonical\" href=\"https:\/\/www.poteriedelacure.fr\/index.php\/chez-nous\/\" \/>\n<meta property=\"og:locale\" content=\"fr_FR\" \/>\n<meta property=\"og:type\" content=\"article\" \/>\n<meta property=\"og:title\" content=\"Chez nous - Poterie de la Cure\" \/>\n<meta property=\"og:description\" content=\"L&#039;atelier est situ\u00e9 \u00e0\u00a0 deux pas de la Cure de Saint Jean Saint Maurice.\u00a0Sur le village sont \u00e9galement install\u00e9s d&#039;autres artisans d&#039;art, venez d\u00e9couvrir leurs cr\u00e9ations ! L&#039;atelier de Ma\u00eft\u00e9 Chantrel : costumi\u00e8re, Les fils d&#039;Emilie : peintre sur soir et cr\u00e9ations textiles, Francois Allier et les mythiques bijoux de l&#039;oppidum, Emmane : aci\u00e9ramiste et plus encore\" \/>\n<meta property=\"og:url\" content=\"https:\/\/www.poteriedelacure.fr\/index.php\/chez-nous\/\" \/>\n<meta property=\"og:site_name\" content=\"Poterie de la Cure\" \/>\n<meta property=\"article:publisher\" content=\"https:\/\/facebook\/poteriedelacure\" \/>\n<meta property=\"article:modified_time\" content=\"2022-07-19T13:04:33+00:00\" \/>\n<meta name=\"twitter:card\" content=\"summary_large_image\" \/>\n<meta name=\"twitter:label1\" content=\"Dur\u00e9e de lecture estim\u00e9e\" \/>\n\t<meta name=\"twitter:data1\" content=\"15 minutes\" \/>\n<script type=\"application\/ld+json\" class=\"yoast-schema-graph\">{\"@context\":\"https:\/\/schema.org\",\"@graph\":[{\"@type\":\"WebPage\",\"@id\":\"https:\/\/www.poteriedelacure.fr\/index.php\/chez-nous\/\",\"url\":\"https:\/\/www.poteriedelacure.fr\/index.php\/chez-nous\/\",\"name\":\"Chez nous - Poterie de la Cure\",\"isPartOf\":{\"@id\":\"https:\/\/www.poteriedelacure.fr\/#website\"},\"datePublished\":\"2015-06-20T10:57:22+00:00\",\"dateModified\":\"2022-07-19T13:04:33+00:00\",\"description\":\"L'atelier est situ\u00e9 \u00e0\u00a0 deux pas de la Cure de Saint Jean Saint Maurice.\u00a0Sur le village sont \u00e9galement install\u00e9s d'autres artisans d'art, venez d\u00e9couvrir leurs cr\u00e9ations ! L'atelier de Ma\u00eft\u00e9 Chantrel : costumi\u00e8re, Les fils d'Emilie : peintre sur soir et cr\u00e9ations textiles, Francois Allier et les mythiques bijoux de l'oppidum, Emmane : aci\u00e9ramiste et plus encore\",\"breadcrumb\":{\"@id\":\"https:\/\/www.poteriedelacure.fr\/index.php\/chez-nous\/#breadcrumb\"},\"inLanguage\":\"fr-FR\",\"potentialAction\":[{\"@type\":\"ReadAction\",\"target\":[\"https:\/\/www.poteriedelacure.fr\/index.php\/chez-nous\/\"]}]},{\"@type\":\"BreadcrumbList\",\"@id\":\"https:\/\/www.poteriedelacure.fr\/index.php\/chez-nous\/#breadcrumb\",\"itemListElement\":[{\"@type\":\"ListItem\",\"position\":1,\"name\":\"Accueil\",\"item\":\"https:\/\/www.poteriedelacure.fr\/\"},{\"@type\":\"ListItem\",\"position\":2,\"name\":\"Chez nous\"}]},{\"@type\":\"WebSite\",\"@id\":\"https:\/\/www.poteriedelacure.fr\/#website\",\"url\":\"https:\/\/www.poteriedelacure.fr\/\",\"name\":\"Poterie de la Cure\",\"description\":\"C\u00e9ramique contemporaine\",\"publisher\":{\"@id\":\"https:\/\/www.poteriedelacure.fr\/#organization\"},\"potentialAction\":[{\"@type\":\"SearchAction\",\"target\":{\"@type\":\"EntryPoint\",\"urlTemplate\":\"https:\/\/www.poteriedelacure.fr\/?s={search_term_string}\"},\"query-input\":{\"@type\":\"PropertyValueSpecification\",\"valueRequired\":true,\"valueName\":\"search_term_string\"}}],\"inLanguage\":\"fr-FR\"},{\"@type\":\"Organization\",\"@id\":\"https:\/\/www.poteriedelacure.fr\/#organization\",\"name\":\"Poterie de la Cure\",\"url\":\"https:\/\/www.poteriedelacure.fr\/\",\"logo\":{\"@type\":\"ImageObject\",\"inLanguage\":\"fr-FR\",\"@id\":\"https:\/\/www.poteriedelacure.fr\/#\/schema\/logo\/image\/\",\"url\":\"https:\/\/www.poteriedelacure.fr\/wp-content\/uploads\/2017\/06\/Logo.png\",\"contentUrl\":\"https:\/\/www.poteriedelacure.fr\/wp-content\/uploads\/2017\/06\/Logo.png\",\"width\":818,\"height\":818,\"caption\":\"Poterie de la Cure\"},\"image\":{\"@id\":\"https:\/\/www.poteriedelacure.fr\/#\/schema\/logo\/image\/\"},\"sameAs\":[\"https:\/\/facebook\/poteriedelacure\"]}]}<\/script>\n<!-- \/ Yoast SEO plugin. -->","yoast_head_json":{"title":"Chez nous - Poterie de la Cure","description":"L'atelier est situ\u00e9 \u00e0\u00a0 deux pas de la Cure de Saint Jean Saint Maurice.\u00a0Sur le village sont \u00e9galement install\u00e9s d'autres artisans d'art, venez d\u00e9couvrir leurs cr\u00e9ations ! L'atelier de Ma\u00eft\u00e9 Chantrel : costumi\u00e8re, Les fils d'Emilie : peintre sur soir et cr\u00e9ations textiles, Francois Allier et les mythiques bijoux de l'oppidum, Emmane : aci\u00e9ramiste et plus encore","robots":{"index":"index","follow":"follow","max-snippet":"max-snippet:-1","max-image-preview":"max-image-preview:large","max-video-preview":"max-video-preview:-1"},"canonical":"https:\/\/www.poteriedelacure.fr\/index.php\/chez-nous\/","og_locale":"fr_FR","og_type":"article","og_title":"Chez nous - Poterie de la Cure","og_description":"L'atelier est situ\u00e9 \u00e0\u00a0 deux pas de la Cure de Saint Jean Saint Maurice.\u00a0Sur le village sont \u00e9galement install\u00e9s d'autres artisans d'art, venez d\u00e9couvrir leurs cr\u00e9ations ! L'atelier de Ma\u00eft\u00e9 Chantrel : costumi\u00e8re, Les fils d'Emilie : peintre sur soir et cr\u00e9ations textiles, Francois Allier et les mythiques bijoux de l'oppidum, Emmane : aci\u00e9ramiste et plus encore","og_url":"https:\/\/www.poteriedelacure.fr\/index.php\/chez-nous\/","og_site_name":"Poterie de la Cure","article_publisher":"https:\/\/facebook\/poteriedelacure","article_modified_time":"2022-07-19T13:04:33+00:00","twitter_card":"summary_large_image","twitter_misc":{"Dur\u00e9e de lecture estim\u00e9e":"15 minutes"},"schema":{"@context":"https:\/\/schema.org","@graph":[{"@type":"WebPage","@id":"https:\/\/www.poteriedelacure.fr\/index.php\/chez-nous\/","url":"https:\/\/www.poteriedelacure.fr\/index.php\/chez-nous\/","name":"Chez nous - Poterie de la Cure","isPartOf":{"@id":"https:\/\/www.poteriedelacure.fr\/#website"},"datePublished":"2015-06-20T10:57:22+00:00","dateModified":"2022-07-19T13:04:33+00:00","description":"L'atelier est situ\u00e9 \u00e0\u00a0 deux pas de la Cure de Saint Jean Saint Maurice.\u00a0Sur le village sont \u00e9galement install\u00e9s d'autres artisans d'art, venez d\u00e9couvrir leurs cr\u00e9ations ! L'atelier de Ma\u00eft\u00e9 Chantrel : costumi\u00e8re, Les fils d'Emilie : peintre sur soir et cr\u00e9ations textiles, Francois Allier et les mythiques bijoux de l'oppidum, Emmane : aci\u00e9ramiste et plus encore","breadcrumb":{"@id":"https:\/\/www.poteriedelacure.fr\/index.php\/chez-nous\/#breadcrumb"},"inLanguage":"fr-FR","potentialAction":[{"@type":"ReadAction","target":["https:\/\/www.poteriedelacure.fr\/index.php\/chez-nous\/"]}]},{"@type":"BreadcrumbList","@id":"https:\/\/www.poteriedelacure.fr\/index.php\/chez-nous\/#breadcrumb","itemListElement":[{"@type":"ListItem","position":1,"name":"Accueil","item":"https:\/\/www.poteriedelacure.fr\/"},{"@type":"ListItem","position":2,"name":"Chez nous"}]},{"@type":"WebSite","@id":"https:\/\/www.poteriedelacure.fr\/#website","url":"https:\/\/www.poteriedelacure.fr\/","name":"Poterie de la Cure","description":"C\u00e9ramique contemporaine","publisher":{"@id":"https:\/\/www.poteriedelacure.fr\/#organization"},"potentialAction":[{"@type":"SearchAction","target":{"@type":"EntryPoint","urlTemplate":"https:\/\/www.poteriedelacure.fr\/?s={search_term_string}"},"query-input":{"@type":"PropertyValueSpecification","valueRequired":true,"valueName":"search_term_string"}}],"inLanguage":"fr-FR"},{"@type":"Organization","@id":"https:\/\/www.poteriedelacure.fr\/#organization","name":"Poterie de la Cure","url":"https:\/\/www.poteriedelacure.fr\/","logo":{"@type":"ImageObject","inLanguage":"fr-FR","@id":"https:\/\/www.poteriedelacure.fr\/#\/schema\/logo\/image\/","url":"https:\/\/www.poteriedelacure.fr\/wp-content\/uploads\/2017\/06\/Logo.png","contentUrl":"https:\/\/www.poteriedelacure.fr\/wp-content\/uploads\/2017\/06\/Logo.png","width":818,"height":818,"caption":"Poterie de la Cure"},"image":{"@id":"https:\/\/www.poteriedelacure.fr\/#\/schema\/logo\/image\/"},"sameAs":["https:\/\/facebook\/poteriedelacure"]}]}},"_links":{"self":[{"href":"https:\/\/www.poteriedelacure.fr\/index.php\/wp-json\/wp\/v2\/pages\/43","targetHints":{"allow":["GET"]}}],"collection":[{"href":"https:\/\/www.poteriedelacure.fr\/index.php\/wp-json\/wp\/v2\/pages"}],"about":[{"href":"https:\/\/www.poteriedelacure.fr\/index.php\/wp-json\/wp\/v2\/types\/page"}],"author":[{"embeddable":true,"href":"https:\/\/www.poteriedelacure.fr\/index.php\/wp-json\/wp\/v2\/users\/1"}],"replies":[{"embeddable":true,"href":"https:\/\/www.poteriedelacure.fr\/index.php\/wp-json\/wp\/v2\/comments?post=43"}],"version-history":[{"count":27,"href":"https:\/\/www.poteriedelacure.fr\/index.php\/wp-json\/wp\/v2\/pages\/43\/revisions"}],"predecessor-version":[{"id":4107,"href":"https:\/\/www.poteriedelacure.fr\/index.php\/wp-json\/wp\/v2\/pages\/43\/revisions\/4107"}],"wp:attachment":[{"href":"https:\/\/www.poteriedelacure.fr\/index.php\/wp-json\/wp\/v2\/media?parent=43"}],"curies":[{"name":"wp","href":"https:\/\/api.w.org\/{rel}","templated":true}]}}