{"id":3731,"date":"2019-07-24T22:29:17","date_gmt":"2019-07-24T20:29:17","guid":{"rendered":"http:\/\/www.poteriedelacure.fr\/?page_id=3731"},"modified":"2025-12-18T13:41:43","modified_gmt":"2025-12-18T12:41:43","slug":"bons-cadeaux","status":"publish","type":"page","link":"https:\/\/www.poteriedelacure.fr\/index.php\/bons-cadeaux\/","title":{"rendered":"Bons-cadeaux"},"content":{"rendered":"<div  class=\"tatsu-gq6jqqcz7qavd93e tatsu-section    tatsu-clearfix\" data-title=\"\"  data-headerscheme=\"background--dark\"><div class='tatsu-section-pad clearfix' data-padding='{\"d\":\"90px 0px 90px 0px\"}' data-padding-top='90px'><div class=\"tatsu-row-wrap  tatsu-wrap tatsu-row-one-col tatsu-row-has-one-cols tatsu-medium-gutter tatsu-reg-cols  tatsu-clearfix tatsu-gq6jqqcz945ti4y4\" ><div  class=\"tatsu-row \" ><div  class=\"tatsu-column  tatsu-column-no-bg tatsu-one-col tatsu-column-image-none tatsu-column-effect-none  tatsu-gq6jqqczao4n8m3v\"  data-parallax-speed=\"0\" style=\"\"><div class=\"tatsu-column-inner \" ><div class=\"tatsu-column-pad-wrap\"><div class=\"tatsu-column-pad\" ><div  class=\"special-heading-wrap style3  tatsu-gq6jqqczbx52bm41 oshine-module 1   \" ><div class=\"caption-wrap top-caption\"><h6 class=\"caption special-subtitle\">Envie de (vous)faire plaisir ?<span class=\"caption-inner\"><\/span><\/h6><\/div><div class=\"special-heading align-center\"><h1 class=\"special-h-tag\">Bons cadeaux <\/h1><\/div><div class=\"caption-wrap bottom-caption\"><h6 class=\"caption special-subtitle\">A la recherche d'un cadeau original ?<span class=\"caption-inner\"><\/span><\/h6><\/div><style>.tatsu-gq6jqqczbx52bm41 .special-h-tag{color: rgba(0,0,0,1) ;}.tatsu-gq6jqqczbx52bm41 .top-caption h6{color: rgba(0,0,0,1) ;font-size: 20px;}.tatsu-gq6jqqczbx52bm41 .bottom-caption h6{color: rgba(0,0,0,1) ;font-size: 20px;}.tatsu-gq6jqqczbx52bm41.special-heading-wrap.style3 .top-caption .caption .caption-inner{background: rgba(77,73,73,1);}.tatsu-gq6jqqczbx52bm41.special-heading-wrap.style3 .bottom-caption .caption .caption-inner{background: rgba(113,107,107,1);}<\/style><\/div><\/div><\/div><div class = \"tatsu-column-bg-image-wrap\"><div class = \"tatsu-column-bg-image\" ><\/div><\/div><\/div><style>.tatsu-row > .tatsu-gq6jqqczao4n8m3v.tatsu-column{width: 100%;}.tatsu-gq6jqqczao4n8m3v.tatsu-column > .tatsu-column-inner > .tatsu-column-overlay{mix-blend-mode: none;}.tatsu-gq6jqqczao4n8m3v > .tatsu-column-inner > .tatsu-top-divider{z-index: 9999;}.tatsu-gq6jqqczao4n8m3v > .tatsu-column-inner > .tatsu-bottom-divider{z-index: 9999;}.tatsu-gq6jqqczao4n8m3v > .tatsu-column-inner > .tatsu-left-divider{z-index: 9999;}.tatsu-gq6jqqczao4n8m3v > .tatsu-column-inner > .tatsu-right-divider{z-index: 9999;}<\/style><\/div><\/div><\/div><\/div><div class=\"tatsu-section-background-wrap\"><div class = \"tatsu-section-background\" ><\/div><\/div><style>.tatsu-gq6jqqcz7qavd93e .tatsu-section-background{background-image: url(https:\/\/www.poteriedelacure.fr\/wp-content\/uploads\/2025\/12\/Capture-decran-2025-12-18-a-13.25.28.png);background-repeat: no-repeat;background-attachment: scroll;background-position: top right;background-size: cover;}.tatsu-gq6jqqcz7qavd93e .tatsu-bg-blur{background-repeat: no-repeat;background-attachment: scroll;background-position: top right;background-size: cover;}.tatsu-gq6jqqcz7qavd93e .tatsu-section-pad{padding: 90px 0px 90px 0px;}.tatsu-gq6jqqcz7qavd93e > .tatsu-bottom-divider{z-index: 9999;}.tatsu-gq6jqqcz7qavd93e > .tatsu-top-divider{z-index: 9999;}<\/style><\/div><div  class=\"tatsu-gq6jqqczcpc208kq tatsu-section  tatsu-section-custom-height   tatsu-clearfix\" data-title=\"\"  data-headerscheme=\"background--dark\"><div class = \"tatsu-custom-height-wrap\"><div class='tatsu-section-pad clearfix' data-padding='{\"d\":\"90px 0px 90px 0px\"}' data-padding-top='90px'><div class=\"tatsu-row-wrap  tatsu-wrap tatsu-row-one-col tatsu-row-has-one-cols tatsu-medium-gutter tatsu-reg-cols  tatsu-clearfix tatsu-gq6jqqczdv5pqhbq\" ><div  class=\"tatsu-row \" ><div  class=\"tatsu-column  tatsu-column-no-bg tatsu-one-col tatsu-column-align-middle tatsu-column-image-none tatsu-column-effect-none  tatsu-gq6jqqczfa2z2idz\"  data-parallax-speed=\"0\" style=\"\"><div class=\"tatsu-column-inner \" ><div class=\"tatsu-column-pad-wrap\"><div class=\"tatsu-column-pad\" ><div  class=\" tatsu-SyzOS4u-m-l be_image_slider oshine-module style1-arrow\"  ><div class=\"image_slider_module slides\" data-slide-show=\"1\" data-slide-show-speed=\"2000\"><div class=\"be_image_slide\"><img data-srcset=\"https:\/\/www.poteriedelacure.fr\/wp-content\/uploads\/2025\/12\/photo-tournage-site.png 2044w, https:\/\/www.poteriedelacure.fr\/wp-content\/uploads\/2025\/12\/photo-tournage-site-300x200.png 300w, https:\/\/www.poteriedelacure.fr\/wp-content\/uploads\/2025\/12\/photo-tournage-site-1024x683.png 1024w, https:\/\/www.poteriedelacure.fr\/wp-content\/uploads\/2025\/12\/photo-tournage-site-768x513.png 768w, https:\/\/www.poteriedelacure.fr\/wp-content\/uploads\/2025\/12\/photo-tournage-site-1536x1025.png 1536w, https:\/\/www.poteriedelacure.fr\/wp-content\/uploads\/2025\/12\/photo-tournage-site-75x50.png 75w, https:\/\/www.poteriedelacure.fr\/wp-content\/uploads\/2025\/12\/photo-tournage-site-650x434.png 650w, https:\/\/www.poteriedelacure.fr\/wp-content\/uploads\/2025\/12\/photo-tournage-site-1000x667.png 1000w, https:\/\/www.poteriedelacure.fr\/wp-content\/uploads\/2025\/12\/photo-tournage-site-50x33.png 50w\" srcset=\"https:\/\/www.poteriedelacure.fr\/wp-content\/uploads\/2025\/12\/photo-tournage-site.png 2044w, https:\/\/www.poteriedelacure.fr\/wp-content\/uploads\/2025\/12\/photo-tournage-site-300x200.png 300w, https:\/\/www.poteriedelacure.fr\/wp-content\/uploads\/2025\/12\/photo-tournage-site-1024x683.png 1024w, https:\/\/www.poteriedelacure.fr\/wp-content\/uploads\/2025\/12\/photo-tournage-site-768x513.png 768w, https:\/\/www.poteriedelacure.fr\/wp-content\/uploads\/2025\/12\/photo-tournage-site-1536x1025.png 1536w, https:\/\/www.poteriedelacure.fr\/wp-content\/uploads\/2025\/12\/photo-tournage-site-75x50.png 75w, https:\/\/www.poteriedelacure.fr\/wp-content\/uploads\/2025\/12\/photo-tournage-site-650x434.png 650w, https:\/\/www.poteriedelacure.fr\/wp-content\/uploads\/2025\/12\/photo-tournage-site-1000x667.png 1000w, https:\/\/www.poteriedelacure.fr\/wp-content\/uploads\/2025\/12\/photo-tournage-site-50x33.png 50w\" alt=\"\" \/><\/div><div class=\"be_image_slide\"><img data-srcset=\"https:\/\/www.poteriedelacure.fr\/wp-content\/uploads\/2025\/12\/photo-tournage-site-2.png 2084w, https:\/\/www.poteriedelacure.fr\/wp-content\/uploads\/2025\/12\/photo-tournage-site-2-300x200.png 300w, https:\/\/www.poteriedelacure.fr\/wp-content\/uploads\/2025\/12\/photo-tournage-site-2-1024x683.png 1024w, https:\/\/www.poteriedelacure.fr\/wp-content\/uploads\/2025\/12\/photo-tournage-site-2-768x512.png 768w, https:\/\/www.poteriedelacure.fr\/wp-content\/uploads\/2025\/12\/photo-tournage-site-2-1536x1024.png 1536w, https:\/\/www.poteriedelacure.fr\/wp-content\/uploads\/2025\/12\/photo-tournage-site-2-2048x1366.png 2048w, https:\/\/www.poteriedelacure.fr\/wp-content\/uploads\/2025\/12\/photo-tournage-site-2-75x50.png 75w, https:\/\/www.poteriedelacure.fr\/wp-content\/uploads\/2025\/12\/photo-tournage-site-2-650x434.png 650w, https:\/\/www.poteriedelacure.fr\/wp-content\/uploads\/2025\/12\/photo-tournage-site-2-1000x667.png 1000w, https:\/\/www.poteriedelacure.fr\/wp-content\/uploads\/2025\/12\/photo-tournage-site-2-50x33.png 50w\" srcset=\"https:\/\/www.poteriedelacure.fr\/wp-content\/uploads\/2025\/12\/photo-tournage-site-2.png 2084w, https:\/\/www.poteriedelacure.fr\/wp-content\/uploads\/2025\/12\/photo-tournage-site-2-300x200.png 300w, https:\/\/www.poteriedelacure.fr\/wp-content\/uploads\/2025\/12\/photo-tournage-site-2-1024x683.png 1024w, https:\/\/www.poteriedelacure.fr\/wp-content\/uploads\/2025\/12\/photo-tournage-site-2-768x512.png 768w, https:\/\/www.poteriedelacure.fr\/wp-content\/uploads\/2025\/12\/photo-tournage-site-2-1536x1024.png 1536w, https:\/\/www.poteriedelacure.fr\/wp-content\/uploads\/2025\/12\/photo-tournage-site-2-2048x1366.png 2048w, https:\/\/www.poteriedelacure.fr\/wp-content\/uploads\/2025\/12\/photo-tournage-site-2-75x50.png 75w, https:\/\/www.poteriedelacure.fr\/wp-content\/uploads\/2025\/12\/photo-tournage-site-2-650x434.png 650w, https:\/\/www.poteriedelacure.fr\/wp-content\/uploads\/2025\/12\/photo-tournage-site-2-1000x667.png 1000w, https:\/\/www.poteriedelacure.fr\/wp-content\/uploads\/2025\/12\/photo-tournage-site-2-50x33.png 50w\" alt=\"\" \/><\/div><div class=\"be_image_slide\"><img data-srcset=\"https:\/\/www.poteriedelacure.fr\/wp-content\/uploads\/2025\/12\/photo-tournage-site-3.png 2086w, https:\/\/www.poteriedelacure.fr\/wp-content\/uploads\/2025\/12\/photo-tournage-site-3-300x200.png 300w, https:\/\/www.poteriedelacure.fr\/wp-content\/uploads\/2025\/12\/photo-tournage-site-3-1024x683.png 1024w, https:\/\/www.poteriedelacure.fr\/wp-content\/uploads\/2025\/12\/photo-tournage-site-3-768x512.png 768w, https:\/\/www.poteriedelacure.fr\/wp-content\/uploads\/2025\/12\/photo-tournage-site-3-1536x1025.png 1536w, https:\/\/www.poteriedelacure.fr\/wp-content\/uploads\/2025\/12\/photo-tournage-site-3-2048x1367.png 2048w, https:\/\/www.poteriedelacure.fr\/wp-content\/uploads\/2025\/12\/photo-tournage-site-3-75x50.png 75w, https:\/\/www.poteriedelacure.fr\/wp-content\/uploads\/2025\/12\/photo-tournage-site-3-650x434.png 650w, https:\/\/www.poteriedelacure.fr\/wp-content\/uploads\/2025\/12\/photo-tournage-site-3-1000x667.png 1000w, https:\/\/www.poteriedelacure.fr\/wp-content\/uploads\/2025\/12\/photo-tournage-site-3-50x33.png 50w\" srcset=\"https:\/\/www.poteriedelacure.fr\/wp-content\/uploads\/2025\/12\/photo-tournage-site-3.png 2086w, https:\/\/www.poteriedelacure.fr\/wp-content\/uploads\/2025\/12\/photo-tournage-site-3-300x200.png 300w, https:\/\/www.poteriedelacure.fr\/wp-content\/uploads\/2025\/12\/photo-tournage-site-3-1024x683.png 1024w, https:\/\/www.poteriedelacure.fr\/wp-content\/uploads\/2025\/12\/photo-tournage-site-3-768x512.png 768w, https:\/\/www.poteriedelacure.fr\/wp-content\/uploads\/2025\/12\/photo-tournage-site-3-1536x1025.png 1536w, https:\/\/www.poteriedelacure.fr\/wp-content\/uploads\/2025\/12\/photo-tournage-site-3-2048x1367.png 2048w, https:\/\/www.poteriedelacure.fr\/wp-content\/uploads\/2025\/12\/photo-tournage-site-3-75x50.png 75w, https:\/\/www.poteriedelacure.fr\/wp-content\/uploads\/2025\/12\/photo-tournage-site-3-650x434.png 650w, https:\/\/www.poteriedelacure.fr\/wp-content\/uploads\/2025\/12\/photo-tournage-site-3-1000x667.png 1000w, https:\/\/www.poteriedelacure.fr\/wp-content\/uploads\/2025\/12\/photo-tournage-site-3-50x33.png 50w\" alt=\"\" \/><\/div><\/div><\/div><div  class=\"tatsu-module tatsu-text-block-wrap tatsu-gq6jqqczgf480x9j  \"><div class=\"tatsu-text-inner tatsu-align-center  clearfix\" ><style>.tatsu-gq6jqqczgf480x9j.tatsu-text-block-wrap .tatsu-text-inner{width: 100%;text-align: center;}<\/style>\n<p><span style=\"font-size: 14pt;\">Enfilez votre tablier, asseyez vous au tour de potier et vivez une exp\u00e9rience sensorielle et technique \u00e9tonnante, tout en cr\u00e9ant un objet de vos mains.<\/span><\/p>\n<p><span style=\"font-size: 14pt;\">Nos <span style=\"font-size: 18pt; color: #145c66;\"><strong>bons cadeaux<\/strong><\/span> sont l&rsquo;occasion de partager ce moment avec la \/ les personne(s) de votre choix.<\/span><\/p>\n<p><span style=\"font-size: 14pt;\">Disponibles pour 2, 3 ou 4 personnes.<\/span><\/p>\n<p><span style=\"font-size: 14pt;\">&#8211; S\u00e9ance duo : 2h \/ 2 pi\u00e8ces comprises \/ 95 \u20ac<\/span><\/p>\n<p><span style=\"font-size: 14pt;\">&#8211; S\u00e9ance trio : 2h30 \/ 3 pi\u00e8ces comprises \/ 125 \u20ac<\/span><\/p>\n<p>&#8211; <span style=\"font-size: 14pt;\">S\u00e9ance pour 4 : 3h00 \/ 4 pi\u00e8ces comprises \/ 150 \u20ac<\/span><\/p>\n<p><span style=\"font-size: 14pt;\">Vous pouvez acheter un bon directement \u00e0 la boutique ou vous faire envoyer un visuel en ligne, apr\u00e8s paiement par virement bancaire.<\/span><\/p>\n<p><span style=\"font-size: 14pt;\">Pour r\u00e9server une s\u00e9ance, rendez-vous sur la page <a href=\"https:\/\/www.poteriedelacure.fr\/index.php\/cours\/\">COURS<\/a><\/span><\/p>\n<p>\u00a0<\/p>\n<\/div><\/div><div  class=\"tatsu-single-image tatsu-module align-center tatsu-image-lazyload tatsu-S1eNYhobyx  \" ><div class=\"tatsu-single-image-inner \" style=\"width : 300px;\" ><div class = \"tatsu-single-image-padding-wrap\" style = \"padding-bottom : 8.6666666666667%;\" ><\/div><img class = \"tatsu-gradient-border\" alt = \"\" title = \"Capture d\u2019e\u0301cran 2024-11-08 a\u0300 17.15.26\" data-srcset = \"https:\/\/www.poteriedelacure.fr\/wp-content\/uploads\/2024\/11\/Capture-decran-2024-11-08-a-17.15.26-300x26.png 300w, https:\/\/www.poteriedelacure.fr\/wp-content\/uploads\/2024\/11\/Capture-decran-2024-11-08-a-17.15.26-1024x90.png 1024w, https:\/\/www.poteriedelacure.fr\/wp-content\/uploads\/2024\/11\/Capture-decran-2024-11-08-a-17.15.26-768x67.png 768w, https:\/\/www.poteriedelacure.fr\/wp-content\/uploads\/2024\/11\/Capture-decran-2024-11-08-a-17.15.26-570x50.png 570w, https:\/\/www.poteriedelacure.fr\/wp-content\/uploads\/2024\/11\/Capture-decran-2024-11-08-a-17.15.26-650x57.png 650w, https:\/\/www.poteriedelacure.fr\/wp-content\/uploads\/2024\/11\/Capture-decran-2024-11-08-a-17.15.26-1000x88.png 1000w, https:\/\/www.poteriedelacure.fr\/wp-content\/uploads\/2024\/11\/Capture-decran-2024-11-08-a-17.15.26-1250x112.png 1250w, https:\/\/www.poteriedelacure.fr\/wp-content\/uploads\/2024\/11\/Capture-decran-2024-11-08-a-17.15.26-50x4.png 50w, https:\/\/www.poteriedelacure.fr\/wp-content\/uploads\/2024\/11\/Capture-decran-2024-11-08-a-17.15.26.png 1276w\" sizes = \"(max-width: 300px) 100vw, 300px\" \/><\/div><style>.tatsu-S1eNYhobyx.tatsu-single-image{transform: translate3d(0px,0px, 0);}<\/style><\/div><div  class=\"tatsu-module tatsu-text-block-wrap tatsu-ryGq_3j-1g  \"><div class=\"tatsu-text-inner tatsu-align-center  clearfix\" ><style>.tatsu-ryGq_3j-1g.tatsu-text-block-wrap .tatsu-text-inner{width: 100%;text-align: left;}<\/style>\n<p style=\"text-align: center;\"><span style=\"font-size: 14pt;\">Si vous souhaitez offrir une c\u00e9ramique mais que vous ne parvenez pas \u00e0 vous d\u00e9cider, n<\/span><span style=\"font-size: 14pt;\">ous vous proposons \u00e9galement des <span style=\"font-size: 18pt; color: #0b5063;\"><strong>bons d&rsquo;achat<\/strong><\/span> de la valeur de votre choix, valables 6 mois, \u00e0 d\u00e9penser dans notre boutique de St Jean St Maurice.<\/span><\/p>\n<p style=\"text-align: center;\"><span style=\"font-size: 14pt;\">Les bons sont achetables en boutique ou \u00e0 distance, par virement bancaire. Dans ce cas un visuel \u00e0 imprimer vous sera envoy\u00e9 par mail.<\/span><\/p>\n<\/div><\/div><div  class=\"justified-gallery-outer-wrap oshine-module  tatsu-BJPZ33oWke   \" ><div class=\" justified-gallery-inner-wrap \" data-action=\"get_be_justified_gallery_with_pagination\" data-paged=\"1\" data-source='{\"source\":\"selected\",\"account_name\":\"\",\"count\":\"\",\"col\":\"two\",\"masonry\":1}' data-images-array=\"4237,4155\" data-items-per-load=\"2\" data-hover-style=\"style1-hover\" data-image-grayscale=\"c_to_c\" data-image-effect=\"none\" data-thumb-overlay-color=\"#000000\" data-grad-style-color=\"\" data-like-button=\"0\" data-disable-overlay=\"0\" ><div class=\" justified-gallery clickable clearfix be-photoswipe-gallery none\" data-gutter-width=\"50\" data-image-height=\"500\"  ><div class=\"element be-hoverlay not-wide style1-hover c_to_c jg-entry-visible\"><div class=\"element-inner none-effect\"><a href=\"https:\/\/www.poteriedelacure.fr\/wp-content\/uploads\/2025\/12\/Capture-decran-bon-tournage-site-internet-scaled.png\" data-size=\"1814x2560\" data-href=\"https:\/\/www.poteriedelacure.fr\/wp-content\/uploads\/2025\/12\/Capture-decran-bon-tournage-site-internet-scaled.png\" class=\"thumb-wrap\" title=\"\"><div class=\"flip-img-wrap\"><img class = \"thumb-img\" height = \"2560\" width = \"1814\" src = \"https:\/\/www.poteriedelacure.fr\/wp-content\/uploads\/2025\/12\/Capture-decran-bon-tournage-site-internet-1000x1411.png\" title = \"Capture d\u2019e\u0301cran bon tournage site internet\" \/><\/div><div class=\"thumb-overlay\"><div class=\"thumb-bg\" style=\"background-color:#000000;\"><div class=\"thumb-title-wrap display-table-cell vertical-align-middle align-center fadeIn animated\"><\/div><\/div><\/div><\/a><div class=\"gallery-like  like-button-wrap\"><a href=\"#\" class=\"custom-like-button no-liked\" data-post-id=\"4237\"><i class=\"font-icon icon-icon_heart\"><\/i><span>0<\/span><\/a><\/div><\/div><div class=\"caption\"><\/div><\/div><div class=\"element be-hoverlay not-wide style1-hover c_to_c jg-entry-visible\"><div class=\"element-inner none-effect\"><a href=\"https:\/\/www.poteriedelacure.fr\/wp-content\/uploads\/2024\/11\/bon_dachat.png\" data-size=\"1414x2000\" data-href=\"https:\/\/www.poteriedelacure.fr\/wp-content\/uploads\/2024\/11\/bon_dachat.png\" class=\"thumb-wrap\" title=\"\"><div class=\"flip-img-wrap\"><img class = \"thumb-img\" height = \"2000\" width = \"1414\" src = \"https:\/\/www.poteriedelacure.fr\/wp-content\/uploads\/2024\/11\/bon_dachat-1000x1414.png\" title = \"bon_d'achat\" \/><\/div><div class=\"thumb-overlay\"><div class=\"thumb-bg\" style=\"background-color:#000000;\"><div class=\"thumb-title-wrap display-table-cell vertical-align-middle align-center fadeIn animated\"><\/div><\/div><\/div><\/a><div class=\"gallery-like  like-button-wrap\"><a href=\"#\" class=\"custom-like-button no-liked\" data-post-id=\"4155\"><i class=\"font-icon icon-icon_heart\"><\/i><span>1<\/span><\/a><\/div><\/div><div class=\"caption\"><\/div><\/div><\/div><\/div><\/div><div  class=\"tatsu-module tatsu-text-block-wrap tatsu-gq6jqqczye1slqjc  \"><div class=\"tatsu-text-inner tatsu-align-center  clearfix\" ><style>.tatsu-gq6jqqczye1slqjc.tatsu-text-block-wrap .tatsu-text-inner{width: 100%;text-align: left;}<\/style><\/div><\/div><\/div><\/div><div class = \"tatsu-column-bg-image-wrap\"><div class = \"tatsu-column-bg-image\" ><\/div><\/div><\/div><style>.tatsu-row > .tatsu-gq6jqqczfa2z2idz.tatsu-column{width: 100%;}.tatsu-gq6jqqczfa2z2idz.tatsu-column > .tatsu-column-inner > .tatsu-column-overlay{mix-blend-mode: none;}.tatsu-gq6jqqczfa2z2idz > .tatsu-column-inner > .tatsu-top-divider{z-index: 9999;}.tatsu-gq6jqqczfa2z2idz > .tatsu-column-inner > .tatsu-bottom-divider{z-index: 9999;}.tatsu-gq6jqqczfa2z2idz > .tatsu-column-inner > .tatsu-left-divider{z-index: 9999;}.tatsu-gq6jqqczfa2z2idz > .tatsu-column-inner > .tatsu-right-divider{z-index: 9999;}<\/style><\/div><\/div><\/div><\/div><div class=\"tatsu-section-background-wrap\"><div class = \"tatsu-section-background\" ><\/div><\/div><\/div><style>.tatsu-gq6jqqczcpc208kq .tatsu-section-pad{padding: 90px 0px 90px 0px;}.tatsu-gq6jqqczcpc208kq > .tatsu-bottom-divider{z-index: 9999;}.tatsu-gq6jqqczcpc208kq > .tatsu-top-divider{z-index: 9999;}.tatsu-gq6jqqczcpc208kq .tatsu-custom-height-wrap{align-items: center;min-height: 0vh;}<\/style><\/div>\n","protected":false},"excerpt":{"rendered":"<p><a href=\"https:\/\/www.poteriedelacure.fr\/index.php\/bons-cadeaux\/\" class=\"more-link style3-button\">Read More<\/a><\/p>","protected":false},"author":1,"featured_media":0,"parent":0,"menu_order":0,"comment_status":"closed","ping_status":"closed","template":"","meta":{"footnotes":""},"class_list":["post-3731","page","type-page","status-publish","hentry"],"yoast_head":"<!-- This site is optimized with the Yoast SEO plugin v26.6 - https:\/\/yoast.com\/wordpress\/plugins\/seo\/ -->\n<title>Bons-cadeaux - Poterie de la Cure<\/title>\n<meta name=\"robots\" content=\"index, follow, max-snippet:-1, max-image-preview:large, max-video-preview:-1\" \/>\n<link rel=\"canonical\" href=\"https:\/\/www.poteriedelacure.fr\/index.php\/bons-cadeaux\/\" \/>\n<meta property=\"og:locale\" content=\"fr_FR\" \/>\n<meta property=\"og:type\" content=\"article\" \/>\n<meta property=\"og:title\" content=\"Bons-cadeaux - Poterie de la Cure\" \/>\n<meta property=\"og:url\" content=\"https:\/\/www.poteriedelacure.fr\/index.php\/bons-cadeaux\/\" \/>\n<meta property=\"og:site_name\" content=\"Poterie de la Cure\" \/>\n<meta property=\"article:publisher\" content=\"https:\/\/facebook\/poteriedelacure\" \/>\n<meta property=\"article:modified_time\" content=\"2025-12-18T12:41:43+00:00\" \/>\n<meta name=\"twitter:card\" content=\"summary_large_image\" \/>\n<meta name=\"twitter:label1\" content=\"Dur\u00e9e de lecture estim\u00e9e\" \/>\n\t<meta name=\"twitter:data1\" content=\"10 minutes\" \/>\n<script type=\"application\/ld+json\" class=\"yoast-schema-graph\">{\"@context\":\"https:\/\/schema.org\",\"@graph\":[{\"@type\":\"WebPage\",\"@id\":\"https:\/\/www.poteriedelacure.fr\/index.php\/bons-cadeaux\/\",\"url\":\"https:\/\/www.poteriedelacure.fr\/index.php\/bons-cadeaux\/\",\"name\":\"Bons-cadeaux - Poterie de la Cure\",\"isPartOf\":{\"@id\":\"https:\/\/www.poteriedelacure.fr\/#website\"},\"datePublished\":\"2019-07-24T20:29:17+00:00\",\"dateModified\":\"2025-12-18T12:41:43+00:00\",\"breadcrumb\":{\"@id\":\"https:\/\/www.poteriedelacure.fr\/index.php\/bons-cadeaux\/#breadcrumb\"},\"inLanguage\":\"fr-FR\",\"potentialAction\":[{\"@type\":\"ReadAction\",\"target\":[\"https:\/\/www.poteriedelacure.fr\/index.php\/bons-cadeaux\/\"]}]},{\"@type\":\"BreadcrumbList\",\"@id\":\"https:\/\/www.poteriedelacure.fr\/index.php\/bons-cadeaux\/#breadcrumb\",\"itemListElement\":[{\"@type\":\"ListItem\",\"position\":1,\"name\":\"Accueil\",\"item\":\"https:\/\/www.poteriedelacure.fr\/\"},{\"@type\":\"ListItem\",\"position\":2,\"name\":\"Bons-cadeaux\"}]},{\"@type\":\"WebSite\",\"@id\":\"https:\/\/www.poteriedelacure.fr\/#website\",\"url\":\"https:\/\/www.poteriedelacure.fr\/\",\"name\":\"Poterie de la Cure\",\"description\":\"C\u00e9ramique contemporaine\",\"publisher\":{\"@id\":\"https:\/\/www.poteriedelacure.fr\/#organization\"},\"potentialAction\":[{\"@type\":\"SearchAction\",\"target\":{\"@type\":\"EntryPoint\",\"urlTemplate\":\"https:\/\/www.poteriedelacure.fr\/?s={search_term_string}\"},\"query-input\":{\"@type\":\"PropertyValueSpecification\",\"valueRequired\":true,\"valueName\":\"search_term_string\"}}],\"inLanguage\":\"fr-FR\"},{\"@type\":\"Organization\",\"@id\":\"https:\/\/www.poteriedelacure.fr\/#organization\",\"name\":\"Poterie de la Cure\",\"url\":\"https:\/\/www.poteriedelacure.fr\/\",\"logo\":{\"@type\":\"ImageObject\",\"inLanguage\":\"fr-FR\",\"@id\":\"https:\/\/www.poteriedelacure.fr\/#\/schema\/logo\/image\/\",\"url\":\"https:\/\/www.poteriedelacure.fr\/wp-content\/uploads\/2017\/06\/Logo.png\",\"contentUrl\":\"https:\/\/www.poteriedelacure.fr\/wp-content\/uploads\/2017\/06\/Logo.png\",\"width\":818,\"height\":818,\"caption\":\"Poterie de la Cure\"},\"image\":{\"@id\":\"https:\/\/www.poteriedelacure.fr\/#\/schema\/logo\/image\/\"},\"sameAs\":[\"https:\/\/facebook\/poteriedelacure\"]}]}<\/script>\n<!-- \/ Yoast SEO plugin. -->","yoast_head_json":{"title":"Bons-cadeaux - Poterie de la Cure","robots":{"index":"index","follow":"follow","max-snippet":"max-snippet:-1","max-image-preview":"max-image-preview:large","max-video-preview":"max-video-preview:-1"},"canonical":"https:\/\/www.poteriedelacure.fr\/index.php\/bons-cadeaux\/","og_locale":"fr_FR","og_type":"article","og_title":"Bons-cadeaux - Poterie de la Cure","og_url":"https:\/\/www.poteriedelacure.fr\/index.php\/bons-cadeaux\/","og_site_name":"Poterie de la Cure","article_publisher":"https:\/\/facebook\/poteriedelacure","article_modified_time":"2025-12-18T12:41:43+00:00","twitter_card":"summary_large_image","twitter_misc":{"Dur\u00e9e de lecture estim\u00e9e":"10 minutes"},"schema":{"@context":"https:\/\/schema.org","@graph":[{"@type":"WebPage","@id":"https:\/\/www.poteriedelacure.fr\/index.php\/bons-cadeaux\/","url":"https:\/\/www.poteriedelacure.fr\/index.php\/bons-cadeaux\/","name":"Bons-cadeaux - Poterie de la Cure","isPartOf":{"@id":"https:\/\/www.poteriedelacure.fr\/#website"},"datePublished":"2019-07-24T20:29:17+00:00","dateModified":"2025-12-18T12:41:43+00:00","breadcrumb":{"@id":"https:\/\/www.poteriedelacure.fr\/index.php\/bons-cadeaux\/#breadcrumb"},"inLanguage":"fr-FR","potentialAction":[{"@type":"ReadAction","target":["https:\/\/www.poteriedelacure.fr\/index.php\/bons-cadeaux\/"]}]},{"@type":"BreadcrumbList","@id":"https:\/\/www.poteriedelacure.fr\/index.php\/bons-cadeaux\/#breadcrumb","itemListElement":[{"@type":"ListItem","position":1,"name":"Accueil","item":"https:\/\/www.poteriedelacure.fr\/"},{"@type":"ListItem","position":2,"name":"Bons-cadeaux"}]},{"@type":"WebSite","@id":"https:\/\/www.poteriedelacure.fr\/#website","url":"https:\/\/www.poteriedelacure.fr\/","name":"Poterie de la Cure","description":"C\u00e9ramique contemporaine","publisher":{"@id":"https:\/\/www.poteriedelacure.fr\/#organization"},"potentialAction":[{"@type":"SearchAction","target":{"@type":"EntryPoint","urlTemplate":"https:\/\/www.poteriedelacure.fr\/?s={search_term_string}"},"query-input":{"@type":"PropertyValueSpecification","valueRequired":true,"valueName":"search_term_string"}}],"inLanguage":"fr-FR"},{"@type":"Organization","@id":"https:\/\/www.poteriedelacure.fr\/#organization","name":"Poterie de la Cure","url":"https:\/\/www.poteriedelacure.fr\/","logo":{"@type":"ImageObject","inLanguage":"fr-FR","@id":"https:\/\/www.poteriedelacure.fr\/#\/schema\/logo\/image\/","url":"https:\/\/www.poteriedelacure.fr\/wp-content\/uploads\/2017\/06\/Logo.png","contentUrl":"https:\/\/www.poteriedelacure.fr\/wp-content\/uploads\/2017\/06\/Logo.png","width":818,"height":818,"caption":"Poterie de la Cure"},"image":{"@id":"https:\/\/www.poteriedelacure.fr\/#\/schema\/logo\/image\/"},"sameAs":["https:\/\/facebook\/poteriedelacure"]}]}},"_links":{"self":[{"href":"https:\/\/www.poteriedelacure.fr\/index.php\/wp-json\/wp\/v2\/pages\/3731","targetHints":{"allow":["GET"]}}],"collection":[{"href":"https:\/\/www.poteriedelacure.fr\/index.php\/wp-json\/wp\/v2\/pages"}],"about":[{"href":"https:\/\/www.poteriedelacure.fr\/index.php\/wp-json\/wp\/v2\/types\/page"}],"author":[{"embeddable":true,"href":"https:\/\/www.poteriedelacure.fr\/index.php\/wp-json\/wp\/v2\/users\/1"}],"replies":[{"embeddable":true,"href":"https:\/\/www.poteriedelacure.fr\/index.php\/wp-json\/wp\/v2\/comments?post=3731"}],"version-history":[{"count":55,"href":"https:\/\/www.poteriedelacure.fr\/index.php\/wp-json\/wp\/v2\/pages\/3731\/revisions"}],"predecessor-version":[{"id":4244,"href":"https:\/\/www.poteriedelacure.fr\/index.php\/wp-json\/wp\/v2\/pages\/3731\/revisions\/4244"}],"wp:attachment":[{"href":"https:\/\/www.poteriedelacure.fr\/index.php\/wp-json\/wp\/v2\/media?parent=3731"}],"curies":[{"name":"wp","href":"https:\/\/api.w.org\/{rel}","templated":true}]}}